{"id":2234,"date":"2023-06-13T09:41:35","date_gmt":"2023-06-13T16:41:35","guid":{"rendered":"http:\/\/comisioncontralores.gob.mx\/2023\/?page_id=2234"},"modified":"2023-07-10T12:25:47","modified_gmt":"2023-07-10T19:25:47","slug":"marco-normativo","status":"publish","type":"page","link":"https:\/\/comisioncontralores.gob.mx\/2023\/marco-normativo\/","title":{"rendered":"Marco Normativo"},"content":{"rendered":"\t\t<div data-elementor-type=\"wp-page\" data-elementor-id=\"2234\" class=\"elementor elementor-2234\" data-elementor-post-type=\"page\">\n\t\t\t\t\t\t<section class=\"elementor-section elementor-top-section elementor-element elementor-element-d893d87 elementor-section-boxed elementor-section-height-default elementor-section-height-default\" data-id=\"d893d87\" data-element_type=\"section\" data-e-type=\"section\">\n\t\t\t\t\t\t<div class=\"elementor-container elementor-column-gap-default\">\n\t\t\t\t\t<div class=\"elementor-column elementor-col-100 elementor-top-column elementor-element elementor-element-ab5b60d\" data-id=\"ab5b60d\" data-element_type=\"column\" data-e-type=\"column\">\n\t\t\t<div class=\"elementor-widget-wrap elementor-element-populated\">\n\t\t\t\t\t\t<div class=\"elementor-element elementor-element-6007780 elementor-widget elementor-widget-image\" data-id=\"6007780\" data-element_type=\"widget\" data-e-type=\"widget\" data-widget_type=\"image.default\">\n\t\t\t\t<div class=\"elementor-widget-container\">\n\t\t\t\t\t\t\t\t\t\t\t\t\t\t\t<img decoding=\"async\" width=\"78\" height=\"31\" src=\"https:\/\/comisioncontralores.gob.mx\/2023\/wp-content\/uploads\/2023\/03\/icono.png\" class=\"attachment-large size-large wp-image-185\" alt=\"\" \/>\t\t\t\t\t\t\t\t\t\t\t\t\t\t\t<\/div>\n\t\t\t\t<\/div>\n\t\t\t\t<div class=\"elementor-element elementor-element-69449d7 elementor-widget elementor-widget-heading\" data-id=\"69449d7\" data-element_type=\"widget\" data-e-type=\"widget\" data-widget_type=\"heading.default\">\n\t\t\t\t<div class=\"elementor-widget-container\">\n\t\t\t\t\t<h2 class=\"elementor-heading-title elementor-size-default\">Marco Normativo<\/h2>\t\t\t\t<\/div>\n\t\t\t\t<\/div>\n\t\t\t\t<div class=\"elementor-element elementor-element-109ae70 elementor-widget elementor-widget-toggle\" data-id=\"109ae70\" data-element_type=\"widget\" data-e-type=\"widget\" data-widget_type=\"toggle.default\">\n\t\t\t\t<div class=\"elementor-widget-container\">\n\t\t\t\t\t\t\t<div class=\"elementor-toggle\">\n\t\t\t\t\t\t\t<div class=\"elementor-toggle-item\">\n\t\t\t\t\t<div id=\"elementor-tab-title-1741\" class=\"elementor-tab-title\" data-tab=\"1\" role=\"button\" aria-controls=\"elementor-tab-content-1741\" aria-expanded=\"false\">\n\t\t\t\t\t\t\t\t\t\t\t\t<span class=\"elementor-toggle-icon elementor-toggle-icon-right\" aria-hidden=\"true\">\n\t\t\t\t\t\t\t\t\t\t\t\t\t\t\t<span class=\"elementor-toggle-icon-closed\"><i class=\"fas fa-plus\"><\/i><\/span>\n\t\t\t\t\t\t\t\t<span class=\"elementor-toggle-icon-opened\"><i class=\"elementor-toggle-icon-opened fas fa-window-minimize\"><\/i><\/span>\n\t\t\t\t\t\t\t\t\t\t\t\t\t<\/span>\n\t\t\t\t\t\t\t\t\t\t\t\t<a class=\"elementor-toggle-title\" tabindex=\"0\">MARCO NORMATIVO FEDERAL PARA LA CPCE-F<\/a>\n\t\t\t\t\t<\/div>\n\n\t\t\t\t\t<div id=\"elementor-tab-content-1741\" class=\"elementor-tab-content elementor-clearfix\" data-tab=\"1\" role=\"region\" aria-labelledby=\"elementor-tab-title-1741\"><p style=\"font-weight: 400;\"><span style=\"color: #000000;\"><a style=\"color: #000000;\" href=\"https:\/\/www.diputados.gob.mx\/LeyesBiblio\/ref\/cpeum.htm\">Constituci\u00f3n Pol\u00edtica de los Estados Unidos Mexicanos<\/a><\/span><\/p><\/div>\n\t\t\t\t<\/div>\n\t\t\t\t\t\t\t<div class=\"elementor-toggle-item\">\n\t\t\t\t\t<div id=\"elementor-tab-title-1742\" class=\"elementor-tab-title\" data-tab=\"2\" role=\"button\" aria-controls=\"elementor-tab-content-1742\" aria-expanded=\"false\">\n\t\t\t\t\t\t\t\t\t\t\t\t<span class=\"elementor-toggle-icon elementor-toggle-icon-right\" aria-hidden=\"true\">\n\t\t\t\t\t\t\t\t\t\t\t\t\t\t\t<span class=\"elementor-toggle-icon-closed\"><i class=\"fas fa-plus\"><\/i><\/span>\n\t\t\t\t\t\t\t\t<span class=\"elementor-toggle-icon-opened\"><i class=\"elementor-toggle-icon-opened fas fa-window-minimize\"><\/i><\/span>\n\t\t\t\t\t\t\t\t\t\t\t\t\t<\/span>\n\t\t\t\t\t\t\t\t\t\t\t\t<a class=\"elementor-toggle-title\" tabindex=\"0\">LEYES<\/a>\n\t\t\t\t\t<\/div>\n\n\t\t\t\t\t<div id=\"elementor-tab-content-1742\" class=\"elementor-tab-content elementor-clearfix\" data-tab=\"2\" role=\"region\" aria-labelledby=\"elementor-tab-title-1742\"><p style=\"font-weight: 400;\"><span style=\"color: #000000;\"><a style=\"color: #000000;\" href=\"https:\/\/www.diputados.gob.mx\/LeyesBiblio\/ref\/laassp.htm\">Ley de Adquisiciones, Arrendamientos y Servicios del Sector P\u00fablico<\/a><\/span><\/p><p style=\"font-weight: 400;\"><span style=\"color: #000000;\"><a style=\"color: #000000;\" href=\"https:\/\/www.diputados.gob.mx\/LeyesBiblio\/ref\/lcf.htm\">Ley de Coordinaci\u00f3n Fiscal<\/a><\/span><\/p><p style=\"font-weight: 400;\"><span style=\"color: #000000;\"><a style=\"color: #000000;\" href=\"https:\/\/www.diputados.gob.mx\/LeyesBiblio\/ref\/ldfefm.htm\">Ley de Disciplina Financiera de las Entidades Federativas y los Municipios<\/a><\/span><\/p><p style=\"font-weight: 400;\"><span style=\"color: #000000;\"><a style=\"color: #000000;\" href=\"https:\/\/www.diputados.gob.mx\/LeyesBiblio\/ref\/lfrcf.htm\">Ley de Fiscalizaci\u00f3n y Rendici\u00f3n de Cuentas de la Federaci\u00f3n<\/a><\/span><\/p><p style=\"font-weight: 400;\"><span style=\"color: #000000;\"><a style=\"color: #000000;\" href=\"https:\/\/www.diputados.gob.mx\/LeyesBiblio\/ref\/lopsrm.htm\">Ley de Obras P\u00fablicas y Servicios Relacionados con las Mismas<\/a><\/span><\/p><p style=\"font-weight: 400;\"><span style=\"color: #000000;\"><a style=\"color: #000000;\" href=\"https:\/\/www.diputados.gob.mx\/LeyesBiblio\/ref\/lgcg.htm\">Ley General de Contabilidad Gubernamental <\/a><\/span><\/p><p style=\"font-weight: 400;\"><span style=\"color: #000000;\"><a style=\"color: #000000;\" href=\"https:\/\/www.diputados.gob.mx\/LeyesBiblio\/ref\/lgpdppso.htm\">Ley General de Protecci\u00f3n de Datos Personales en Posesi\u00f3n de Sujetos Obligados<\/a><strong>\u00a0 <\/strong><\/span><\/p><p style=\"font-weight: 400;\"><span style=\"color: #000000;\"><a style=\"color: #000000;\" href=\"https:\/\/www.diputados.gob.mx\/LeyesBiblio\/ref\/lgra.htm\">Ley General de Responsabilidades Administrativas<\/a><\/span><\/p><p style=\"font-weight: 400;\"><span style=\"color: #000000;\"><a style=\"color: #000000;\" href=\"https:\/\/www.diputados.gob.mx\/LeyesBiblio\/ref\/lgsna.htm\">Ley General del Sistema Nacional Anticorrupci\u00f3n<\/a><\/span><\/p><p style=\"font-weight: 400;\"><span style=\"color: #000000;\"><a style=\"color: #000000;\" href=\"https:\/\/www.diputados.gob.mx\/LeyesBiblio\/ref\/lgtaip.htm\">Ley General de Transparencia y Acceso a la Informaci\u00f3n P\u00fablica<\/a><\/span><\/p><p style=\"font-weight: 400;\"><span style=\"color: #000000;\"><a style=\"color: #000000;\" href=\"https:\/\/www.diputados.gob.mx\/LeyesBiblio\/ref\/lfar.htm\">Ley Federal de Austeridad Republicana<\/a><\/span><\/p><p style=\"font-weight: 400;\"><span style=\"color: #000000;\"><a style=\"color: #000000;\" href=\"https:\/\/www.diputados.gob.mx\/LeyesBiblio\/ref\/lfd.htm\">Ley Federal de Derechos<\/a><\/span><\/p><p style=\"font-weight: 400;\"><span style=\"color: #000000;\"><a style=\"color: #000000;\" href=\"https:\/\/www.diputados.gob.mx\/LeyesBiblio\/ref\/lftaip.htm\">Ley Federal de Transparencia y Acceso a la Informaci\u00f3n P\u00fablica<\/a><\/span><\/p><p style=\"font-weight: 400;\"><span style=\"color: #000000;\"><a style=\"color: #000000;\" href=\"https:\/\/www.diputados.gob.mx\/LeyesBiblio\/ref\/lfprh.htm\">Ley Federal de Presupuesto y Responsabilidad Hacendaria<\/a><\/span><\/p><p style=\"font-weight: 400;\"><span style=\"color: #000000;\"><a style=\"color: #000000;\" href=\"https:\/\/www.diputados.gob.mx\/LeyesBiblio\/ref\/lfpa.htm\">Ley Federal de Procedimiento Administrativo<\/a><\/span><\/p><p style=\"font-weight: 400;\"><span style=\"color: #000000;\"><a style=\"color: #000000;\" href=\"https:\/\/www.diputados.gob.mx\/LeyesBiblio\/ref\/loapf.htm\">Ley Org\u00e1nica de la Administraci\u00f3n P\u00fablica Federal<\/a><\/span><\/p><\/div>\n\t\t\t\t<\/div>\n\t\t\t\t\t\t\t<div class=\"elementor-toggle-item\">\n\t\t\t\t\t<div id=\"elementor-tab-title-1743\" class=\"elementor-tab-title\" data-tab=\"3\" role=\"button\" aria-controls=\"elementor-tab-content-1743\" aria-expanded=\"false\">\n\t\t\t\t\t\t\t\t\t\t\t\t<span class=\"elementor-toggle-icon elementor-toggle-icon-right\" aria-hidden=\"true\">\n\t\t\t\t\t\t\t\t\t\t\t\t\t\t\t<span class=\"elementor-toggle-icon-closed\"><i class=\"fas fa-plus\"><\/i><\/span>\n\t\t\t\t\t\t\t\t<span class=\"elementor-toggle-icon-opened\"><i class=\"elementor-toggle-icon-opened fas fa-window-minimize\"><\/i><\/span>\n\t\t\t\t\t\t\t\t\t\t\t\t\t<\/span>\n\t\t\t\t\t\t\t\t\t\t\t\t<a class=\"elementor-toggle-title\" tabindex=\"0\">C\u00d3DIGOS<\/a>\n\t\t\t\t\t<\/div>\n\n\t\t\t\t\t<div id=\"elementor-tab-content-1743\" class=\"elementor-tab-content elementor-clearfix\" data-tab=\"3\" role=\"region\" aria-labelledby=\"elementor-tab-title-1743\"><p style=\"font-weight: 400;\"><span style=\"color: #000000;\"><a style=\"color: #000000;\" href=\"https:\/\/www.diputados.gob.mx\/LeyesBiblio\/ref\/cff.htm\">C\u00f3digo Fiscal de la Federaci\u00f3n<\/a><\/span><\/p><p style=\"font-weight: 400;\"><span style=\"color: #000000;\"><a style=\"color: #000000;\" href=\"https:\/\/www.diputados.gob.mx\/LeyesBiblio\/ref\/ccf.htm\">C\u00f3digo Civil Federal<\/a><\/span><\/p><p style=\"font-weight: 400;\"><span style=\"color: #000000;\"><a style=\"color: #000000;\" href=\"https:\/\/www.diputados.gob.mx\/LeyesBiblio\/ref\/cpf.htm\">C\u00f3digo Penal Federal<\/a><\/span><\/p><p style=\"font-weight: 400;\"><span style=\"color: #000000;\"><a style=\"color: #000000;\" href=\"https:\/\/www.diputados.gob.mx\/LeyesBiblio\/ref\/cfpc.htm\">C\u00f3digo Federal de Procedimientos Civiles<\/a><\/span><\/p><p style=\"font-weight: 400;\"><span style=\"color: #000000;\"><a style=\"color: #000000;\" href=\"https:\/\/www.diputados.gob.mx\/LeyesBiblio\/ref\/cnpp.htm\">C\u00f3digo Nacional de Procedimientos Penales<\/a><\/span><\/p><p style=\"font-weight: 400;\"><span style=\"color: #000000;\"><a style=\"color: #000000;\" href=\"https:\/\/www.dof.gob.mx\/nota_detalle.php?codigo=5642176&amp;fecha=08\/02\/2022#gsc.tab=0\">C\u00f3digo de \u00c9tica de la Administraci\u00f3n P\u00fablica Federal<\/a><\/span><\/p><\/div>\n\t\t\t\t<\/div>\n\t\t\t\t\t\t\t<div class=\"elementor-toggle-item\">\n\t\t\t\t\t<div id=\"elementor-tab-title-1744\" class=\"elementor-tab-title\" data-tab=\"4\" role=\"button\" aria-controls=\"elementor-tab-content-1744\" aria-expanded=\"false\">\n\t\t\t\t\t\t\t\t\t\t\t\t<span class=\"elementor-toggle-icon elementor-toggle-icon-right\" aria-hidden=\"true\">\n\t\t\t\t\t\t\t\t\t\t\t\t\t\t\t<span class=\"elementor-toggle-icon-closed\"><i class=\"fas fa-plus\"><\/i><\/span>\n\t\t\t\t\t\t\t\t<span class=\"elementor-toggle-icon-opened\"><i class=\"elementor-toggle-icon-opened fas fa-window-minimize\"><\/i><\/span>\n\t\t\t\t\t\t\t\t\t\t\t\t\t<\/span>\n\t\t\t\t\t\t\t\t\t\t\t\t<a class=\"elementor-toggle-title\" tabindex=\"0\">REGLAMENTOS<\/a>\n\t\t\t\t\t<\/div>\n\n\t\t\t\t\t<div id=\"elementor-tab-content-1744\" class=\"elementor-tab-content elementor-clearfix\" data-tab=\"4\" role=\"region\" aria-labelledby=\"elementor-tab-title-1744\"><p style=\"font-weight: 400;\"><span style=\"color: #000000;\"><a style=\"color: #000000;\" href=\"https:\/\/www.diputados.gob.mx\/LeyesBiblio\/regley\/Reg_LAASSP.pdf\">Reglamento de la Ley de Adquisiciones, Arrendamientos y Servicios del Sector P\u00fablico<\/a><\/span><\/p><p style=\"font-weight: 400;\"><span style=\"color: #000000;\"><a style=\"color: #000000;\" href=\"https:\/\/www.diputados.gob.mx\/LeyesBiblio\/regley\/Reg_CFF.pdf\">Reglamento del C\u00f3digo Fiscal de la Federaci\u00f3n<\/a><\/span><\/p><p style=\"font-weight: 400;\"><span style=\"color: #000000;\"><a style=\"color: #000000;\" href=\"https:\/\/www.diputados.gob.mx\/LeyesBiblio\/regley\/Reg_LOPSRM.pdf\">Reglamento de la Ley de Obras P\u00fablicas y Servicios Relacionados con las Mismas<\/a><\/span><\/p><p style=\"font-weight: 400;\"><span style=\"color: #000000;\"><a style=\"color: #000000;\" href=\"https:\/\/www.diputados.gob.mx\/LeyesBiblio\/regley\/Reg_LFPRH_131120.pdf\">Reglamento de la Ley Federal de Presupuesto y Responsabilidad Hacendaria<\/a><\/span><\/p><p style=\"font-weight: 400;\"><span style=\"color: #000000;\"><a style=\"color: #000000;\" href=\"https:\/\/www.diputados.gob.mx\/LeyesBiblio\/regley\/Reg_LFPDPPP.pdf\">Reglamento de la Ley Federal de Protecci\u00f3n de Datos Personales en Posesi\u00f3n de los Particulares<\/a><\/span><\/p><\/div>\n\t\t\t\t<\/div>\n\t\t\t\t\t\t\t<div class=\"elementor-toggle-item\">\n\t\t\t\t\t<div id=\"elementor-tab-title-1745\" class=\"elementor-tab-title\" data-tab=\"5\" role=\"button\" aria-controls=\"elementor-tab-content-1745\" aria-expanded=\"false\">\n\t\t\t\t\t\t\t\t\t\t\t\t<span class=\"elementor-toggle-icon elementor-toggle-icon-right\" aria-hidden=\"true\">\n\t\t\t\t\t\t\t\t\t\t\t\t\t\t\t<span class=\"elementor-toggle-icon-closed\"><i class=\"fas fa-plus\"><\/i><\/span>\n\t\t\t\t\t\t\t\t<span class=\"elementor-toggle-icon-opened\"><i class=\"elementor-toggle-icon-opened fas fa-window-minimize\"><\/i><\/span>\n\t\t\t\t\t\t\t\t\t\t\t\t\t<\/span>\n\t\t\t\t\t\t\t\t\t\t\t\t<a class=\"elementor-toggle-title\" tabindex=\"0\">ACUERDOS<\/a>\n\t\t\t\t\t<\/div>\n\n\t\t\t\t\t<div id=\"elementor-tab-content-1745\" class=\"elementor-tab-content elementor-clearfix\" data-tab=\"5\" role=\"region\" aria-labelledby=\"elementor-tab-title-1745\"><p style=\"font-weight: 400;\"><span style=\"color: #000000;\"><a style=\"color: #000000;\" href=\"https:\/\/dof.gob.mx\/nota_detalle.php?codigo=5543061&amp;fecha=06\/11\/2018#gsc.tab=0\">Acuerdos de Coordinaci\u00f3n en Materia de Control Interno, Fiscalizaci\u00f3n, Prevenci\u00f3n, Detecci\u00f3n, Disuasi\u00f3n de Hechos de Corrupci\u00f3n y Mejora de la Gesti\u00f3n Gubernamental que suscriban la SFP y las Entidades Federativas<\/a><\/span><\/p><p style=\"font-weight: 400;\"><span style=\"color: #000000;\"><a style=\"color: #000000;\" href=\"https:\/\/www.dof.gob.mx\/nota_detalle.php?codigo=5604301&amp;fecha=05\/11\/2020#gsc.tab=0\">Acuerdo por el que se establecen las Disposiciones Generales para la Realizaci\u00f3n del Proceso de Fiscalizaci\u00f3n.<\/a><\/span><\/p><p style=\"font-weight: 400;\"><span style=\"color: #000000;\"><a style=\"color: #000000;\" href=\"https:\/\/dof.gob.mx\/nota_detalle.php?codigo=5673629&amp;fecha=08\/12\/2022#gsc.tab=0\">Acuerdo por el que se modifica el diverso por el que se establecen las Disposiciones Generales para la Realizaci\u00f3n del Proceso de Fiscalizaci\u00f3n<\/a><\/span><\/p><\/div>\n\t\t\t\t<\/div>\n\t\t\t\t\t\t\t<div class=\"elementor-toggle-item\">\n\t\t\t\t\t<div id=\"elementor-tab-title-1746\" class=\"elementor-tab-title\" data-tab=\"6\" role=\"button\" aria-controls=\"elementor-tab-content-1746\" aria-expanded=\"false\">\n\t\t\t\t\t\t\t\t\t\t\t\t<span class=\"elementor-toggle-icon elementor-toggle-icon-right\" aria-hidden=\"true\">\n\t\t\t\t\t\t\t\t\t\t\t\t\t\t\t<span class=\"elementor-toggle-icon-closed\"><i class=\"fas fa-plus\"><\/i><\/span>\n\t\t\t\t\t\t\t\t<span class=\"elementor-toggle-icon-opened\"><i class=\"elementor-toggle-icon-opened fas fa-window-minimize\"><\/i><\/span>\n\t\t\t\t\t\t\t\t\t\t\t\t\t<\/span>\n\t\t\t\t\t\t\t\t\t\t\t\t<a class=\"elementor-toggle-title\" tabindex=\"0\">LINEAMIENTOS<\/a>\n\t\t\t\t\t<\/div>\n\n\t\t\t\t\t<div id=\"elementor-tab-content-1746\" class=\"elementor-tab-content elementor-clearfix\" data-tab=\"6\" role=\"region\" aria-labelledby=\"elementor-tab-title-1746\"><p style=\"font-weight: 400;\"><span style=\"color: #000000;\"><a style=\"color: #000000;\" href=\"http:\/\/comisioncontralores.gob.mx\/2021\/biblioteca\/LINEAMIENTOS_GENERALES_CPCE-F_Act_Nov2021.pdf\">Lineamientos Generales de la Comisi\u00f3n Permanente De Contralores Estados-Federacio\u0301n<\/a><\/span><\/p><p style=\"font-weight: 400;\"><span style=\"color: #000000;\"><a style=\"color: #000000;\" href=\"https:\/\/www.dof.gob.mx\/nota_detalle.php?codigo=5352644&amp;fecha=16\/07\/2014#gsc.tab=0\">Lineamientos para el ejercicio, control, seguimiento, evaluaci\u00f3n y transparencia de los recursos del cinco al millar, provenientes del derecho establecido en el art\u00edculo 191 de la Ley Federal de Derechos destinados a las Entidades Federativas.<\/a><\/span><\/p><\/div>\n\t\t\t\t<\/div>\n\t\t\t\t\t\t\t\t<\/div>\n\t\t\t\t\t\t<\/div>\n\t\t\t\t<\/div>\n\t\t\t\t\t<\/div>\n\t\t<\/div>\n\t\t\t\t\t<\/div>\n\t\t<\/section>\n\t\t\t\t<\/div>\n\t\t","protected":false},"excerpt":{"rendered":"<p>Marco Normativo MARCO NORMATIVO FEDERAL PARA LA CPCE-F Constituci\u00f3n Pol\u00edtica de los Estados Unidos Mexicanos LEYES Ley de Adquisiciones, Arrendamientos y Servicios del Sector P\u00fablico Ley de Coordinaci\u00f3n Fiscal Ley [&hellip;]<\/p>\n","protected":false},"author":3,"featured_media":0,"parent":0,"menu_order":0,"comment_status":"closed","ping_status":"closed","template":"","meta":{"_acf_changed":false,"footnotes":""},"class_list":["post-2234","page","type-page","status-publish","hentry"],"acf":[],"_links":{"self":[{"href":"https:\/\/comisioncontralores.gob.mx\/2023\/wp-json\/wp\/v2\/pages\/2234","targetHints":{"allow":["GET"]}}],"collection":[{"href":"https:\/\/comisioncontralores.gob.mx\/2023\/wp-json\/wp\/v2\/pages"}],"about":[{"href":"https:\/\/comisioncontralores.gob.mx\/2023\/wp-json\/wp\/v2\/types\/page"}],"author":[{"embeddable":true,"href":"https:\/\/comisioncontralores.gob.mx\/2023\/wp-json\/wp\/v2\/users\/3"}],"replies":[{"embeddable":true,"href":"https:\/\/comisioncontralores.gob.mx\/2023\/wp-json\/wp\/v2\/comments?post=2234"}],"version-history":[{"count":31,"href":"https:\/\/comisioncontralores.gob.mx\/2023\/wp-json\/wp\/v2\/pages\/2234\/revisions"}],"predecessor-version":[{"id":2723,"href":"https:\/\/comisioncontralores.gob.mx\/2023\/wp-json\/wp\/v2\/pages\/2234\/revisions\/2723"}],"wp:attachment":[{"href":"https:\/\/comisioncontralores.gob.mx\/2023\/wp-json\/wp\/v2\/media?parent=2234"}],"curies":[{"name":"wp","href":"https:\/\/api.w.org\/{rel}","templated":true}]}}